{"id":6432,"date":"2025-04-28T16:29:47","date_gmt":"2025-04-28T16:29:47","guid":{"rendered":"https:\/\/lesgrandspresdesbaronnies.com\/reserver\/"},"modified":"2026-04-12T09:06:28","modified_gmt":"2026-04-12T09:06:28","slug":"booking","status":"publish","type":"page","link":"https:\/\/lesgrandspresdesbaronnies.com\/en\/booking\/","title":{"rendered":"Booking"},"content":{"rendered":"<div class=\"et_pb_section_0 et_pb_section et_section_regular et_block_section\"><div class=\"et_pb_row_0 et_pb_row et_block_row\"><div class=\"et_pb_column_0 et_pb_column et_pb_column_4_4 et-last-child et_block_column et_pb_css_mix_blend_mode_passthrough\"><div class=\"et_pb_code_0 et_pb_code et_pb_module\"><div class=\"et_pb_code_inner\"><div class=\"responsive-iframe\">\n\t\t   \t\t\t     <iframe  frameborder=\"0\" class=\"lws-optimize-lazyload\" data-src=\"https:\/\/les-grands-pres-des-baronnies.amenitiz.io\/fr\/booking\/room#DatesGuests-BE\">\n\t\t   \t\t\t     <\/iframe>\n\t\t   \t\t\t   <\/div><\/div><\/div><\/div><\/div><\/div>","protected":false},"excerpt":{"rendered":"","protected":false},"author":1,"featured_media":0,"parent":0,"menu_order":0,"comment_status":"closed","ping_status":"closed","template":"","meta":{"inline_featured_image":false,"footnotes":""},"class_list":["post-6432","page","type-page","status-publish","hentry"],"yoast_head":"<!-- This site is optimized with the Yoast SEO plugin v27.5 - https:\/\/yoast.com\/product\/yoast-seo-wordpress\/ -->\n<title>Holidays home in Dr\u00f4me: vacation rental with pool in Provence<\/title>\n<meta name=\"description\" content=\"Craving a change of scenery, a 100% nature getaway, a relaxing or active stay? Choose a fully equipped holidays home in Dr\u00f4me with a swimming pool.\" \/>\n<meta name=\"robots\" content=\"index, follow, max-snippet:-1, max-image-preview:large, max-video-preview:-1\" \/>\n<link rel=\"canonical\" href=\"https:\/\/lesgrandspresdesbaronnies.com\/en\/booking\/\" \/>\n<meta property=\"og:locale\" content=\"en_US\" \/>\n<meta property=\"og:type\" content=\"article\" \/>\n<meta property=\"og:title\" content=\"Holidays home in Dr\u00f4me: vacation rental with pool in Provence\" \/>\n<meta property=\"og:description\" content=\"Craving a change of scenery, a 100% nature getaway, a relaxing or active stay? Choose a fully equipped holidays home in Dr\u00f4me with a swimming pool.\" \/>\n<meta property=\"og:url\" content=\"https:\/\/lesgrandspresdesbaronnies.com\/en\/booking\/\" \/>\n<meta property=\"og:site_name\" content=\"Les Grands Pr\u00e9s des Baronnies\" \/>\n<meta property=\"article:modified_time\" content=\"2026-04-12T09:06:28+00:00\" \/>\n<meta property=\"og:image\" content=\"https:\/\/lesgrandspresdesbaronnies.com\/wp-content\/uploads\/site-image.jpg\" \/>\n\t<meta property=\"og:image:width\" content=\"1929\" \/>\n\t<meta property=\"og:image:height\" content=\"1286\" \/>\n\t<meta property=\"og:image:type\" content=\"image\/jpeg\" \/>\n<meta name=\"twitter:card\" content=\"summary_large_image\" \/>\n<script type=\"application\/ld+json\" class=\"yoast-schema-graph\">{\"@context\":\"https:\\\/\\\/schema.org\",\"@graph\":[{\"@type\":\"WebPage\",\"@id\":\"https:\\\/\\\/lesgrandspresdesbaronnies.com\\\/en\\\/booking\\\/\",\"url\":\"https:\\\/\\\/lesgrandspresdesbaronnies.com\\\/en\\\/booking\\\/\",\"name\":\"Holidays home in Dr\u00f4me: vacation rental with pool in Provence\",\"isPartOf\":{\"@id\":\"https:\\\/\\\/lesgrandspresdesbaronnies.com\\\/en\\\/#website\"},\"datePublished\":\"2025-04-28T16:29:47+00:00\",\"dateModified\":\"2026-04-12T09:06:28+00:00\",\"description\":\"Craving a change of scenery, a 100% nature getaway, a relaxing or active stay? Choose a fully equipped holidays home in Dr\u00f4me with a swimming pool.\",\"breadcrumb\":{\"@id\":\"https:\\\/\\\/lesgrandspresdesbaronnies.com\\\/en\\\/booking\\\/#breadcrumb\"},\"inLanguage\":\"en-US\",\"potentialAction\":[{\"@type\":\"ReadAction\",\"target\":[\"https:\\\/\\\/lesgrandspresdesbaronnies.com\\\/en\\\/booking\\\/\"]}]},{\"@type\":\"BreadcrumbList\",\"@id\":\"https:\\\/\\\/lesgrandspresdesbaronnies.com\\\/en\\\/booking\\\/#breadcrumb\",\"itemListElement\":[{\"@type\":\"ListItem\",\"position\":1,\"name\":\"Home\",\"item\":\"https:\\\/\\\/lesgrandspresdesbaronnies.com\\\/en\\\/\"},{\"@type\":\"ListItem\",\"position\":2,\"name\":\"Booking\"}]},{\"@type\":\"WebSite\",\"@id\":\"https:\\\/\\\/lesgrandspresdesbaronnies.com\\\/en\\\/#website\",\"url\":\"https:\\\/\\\/lesgrandspresdesbaronnies.com\\\/en\\\/\",\"name\":\"Les Grands Pr\u00e9s des Baronnies\",\"description\":\"Vacances en Dr\u00f4me Proven\u00e7ale\",\"publisher\":{\"@id\":\"https:\\\/\\\/lesgrandspresdesbaronnies.com\\\/en\\\/#organization\"},\"potentialAction\":[{\"@type\":\"SearchAction\",\"target\":{\"@type\":\"EntryPoint\",\"urlTemplate\":\"https:\\\/\\\/lesgrandspresdesbaronnies.com\\\/en\\\/?s={search_term_string}\"},\"query-input\":{\"@type\":\"PropertyValueSpecification\",\"valueRequired\":true,\"valueName\":\"search_term_string\"}}],\"inLanguage\":\"en-US\"},{\"@type\":\"Organization\",\"@id\":\"https:\\\/\\\/lesgrandspresdesbaronnies.com\\\/en\\\/#organization\",\"name\":\"Les Grands pr\u00e9s des Baronnies\",\"alternateName\":\"Les Grands pr\u00e9s des Baronnies\",\"url\":\"https:\\\/\\\/lesgrandspresdesbaronnies.com\\\/en\\\/\",\"logo\":{\"@type\":\"ImageObject\",\"inLanguage\":\"en-US\",\"@id\":\"https:\\\/\\\/lesgrandspresdesbaronnies.com\\\/en\\\/#\\\/schema\\\/logo\\\/image\\\/\",\"url\":\"https:\\\/\\\/lesgrandspresdesbaronnies.com\\\/wp-content\\\/uploads\\\/les-grands-pres-des-baronnies-2025-logo.svg\",\"contentUrl\":\"https:\\\/\\\/lesgrandspresdesbaronnies.com\\\/wp-content\\\/uploads\\\/les-grands-pres-des-baronnies-2025-logo.svg\",\"width\":\"1024\",\"height\":\"1024\",\"caption\":\"Les Grands pr\u00e9s des Baronnies\"},\"image\":{\"@id\":\"https:\\\/\\\/lesgrandspresdesbaronnies.com\\\/en\\\/#\\\/schema\\\/logo\\\/image\\\/\"}}]}<\/script>\n<!-- \/ Yoast SEO plugin. -->","yoast_head_json":{"title":"Holidays home in Dr\u00f4me: vacation rental with pool in Provence","description":"Craving a change of scenery, a 100% nature getaway, a relaxing or active stay? Choose a fully equipped holidays home in Dr\u00f4me with a swimming pool.","robots":{"index":"index","follow":"follow","max-snippet":"max-snippet:-1","max-image-preview":"max-image-preview:large","max-video-preview":"max-video-preview:-1"},"canonical":"https:\/\/lesgrandspresdesbaronnies.com\/en\/booking\/","og_locale":"en_US","og_type":"article","og_title":"Holidays home in Dr\u00f4me: vacation rental with pool in Provence","og_description":"Craving a change of scenery, a 100% nature getaway, a relaxing or active stay? Choose a fully equipped holidays home in Dr\u00f4me with a swimming pool.","og_url":"https:\/\/lesgrandspresdesbaronnies.com\/en\/booking\/","og_site_name":"Les Grands Pr\u00e9s des Baronnies","article_modified_time":"2026-04-12T09:06:28+00:00","og_image":[{"width":1929,"height":1286,"url":"https:\/\/lesgrandspresdesbaronnies.com\/wp-content\/uploads\/site-image.jpg","type":"image\/jpeg"}],"twitter_card":"summary_large_image","schema":{"@context":"https:\/\/schema.org","@graph":[{"@type":"WebPage","@id":"https:\/\/lesgrandspresdesbaronnies.com\/en\/booking\/","url":"https:\/\/lesgrandspresdesbaronnies.com\/en\/booking\/","name":"Holidays home in Dr\u00f4me: vacation rental with pool in Provence","isPartOf":{"@id":"https:\/\/lesgrandspresdesbaronnies.com\/en\/#website"},"datePublished":"2025-04-28T16:29:47+00:00","dateModified":"2026-04-12T09:06:28+00:00","description":"Craving a change of scenery, a 100% nature getaway, a relaxing or active stay? Choose a fully equipped holidays home in Dr\u00f4me with a swimming pool.","breadcrumb":{"@id":"https:\/\/lesgrandspresdesbaronnies.com\/en\/booking\/#breadcrumb"},"inLanguage":"en-US","potentialAction":[{"@type":"ReadAction","target":["https:\/\/lesgrandspresdesbaronnies.com\/en\/booking\/"]}]},{"@type":"BreadcrumbList","@id":"https:\/\/lesgrandspresdesbaronnies.com\/en\/booking\/#breadcrumb","itemListElement":[{"@type":"ListItem","position":1,"name":"Home","item":"https:\/\/lesgrandspresdesbaronnies.com\/en\/"},{"@type":"ListItem","position":2,"name":"Booking"}]},{"@type":"WebSite","@id":"https:\/\/lesgrandspresdesbaronnies.com\/en\/#website","url":"https:\/\/lesgrandspresdesbaronnies.com\/en\/","name":"Les Grands Pr\u00e9s des Baronnies","description":"Vacances en Dr\u00f4me Proven\u00e7ale","publisher":{"@id":"https:\/\/lesgrandspresdesbaronnies.com\/en\/#organization"},"potentialAction":[{"@type":"SearchAction","target":{"@type":"EntryPoint","urlTemplate":"https:\/\/lesgrandspresdesbaronnies.com\/en\/?s={search_term_string}"},"query-input":{"@type":"PropertyValueSpecification","valueRequired":true,"valueName":"search_term_string"}}],"inLanguage":"en-US"},{"@type":"Organization","@id":"https:\/\/lesgrandspresdesbaronnies.com\/en\/#organization","name":"Les Grands pr\u00e9s des Baronnies","alternateName":"Les Grands pr\u00e9s des Baronnies","url":"https:\/\/lesgrandspresdesbaronnies.com\/en\/","logo":{"@type":"ImageObject","inLanguage":"en-US","@id":"https:\/\/lesgrandspresdesbaronnies.com\/en\/#\/schema\/logo\/image\/","url":"https:\/\/lesgrandspresdesbaronnies.com\/wp-content\/uploads\/les-grands-pres-des-baronnies-2025-logo.svg","contentUrl":"https:\/\/lesgrandspresdesbaronnies.com\/wp-content\/uploads\/les-grands-pres-des-baronnies-2025-logo.svg","width":"1024","height":"1024","caption":"Les Grands pr\u00e9s des Baronnies"},"image":{"@id":"https:\/\/lesgrandspresdesbaronnies.com\/en\/#\/schema\/logo\/image\/"}}]}},"_links":{"self":[{"href":"https:\/\/lesgrandspresdesbaronnies.com\/en\/wp-json\/wp\/v2\/pages\/6432","targetHints":{"allow":["GET"]}}],"collection":[{"href":"https:\/\/lesgrandspresdesbaronnies.com\/en\/wp-json\/wp\/v2\/pages"}],"about":[{"href":"https:\/\/lesgrandspresdesbaronnies.com\/en\/wp-json\/wp\/v2\/types\/page"}],"author":[{"embeddable":true,"href":"https:\/\/lesgrandspresdesbaronnies.com\/en\/wp-json\/wp\/v2\/users\/1"}],"replies":[{"embeddable":true,"href":"https:\/\/lesgrandspresdesbaronnies.com\/en\/wp-json\/wp\/v2\/comments?post=6432"}],"version-history":[{"count":6,"href":"https:\/\/lesgrandspresdesbaronnies.com\/en\/wp-json\/wp\/v2\/pages\/6432\/revisions"}],"predecessor-version":[{"id":6775,"href":"https:\/\/lesgrandspresdesbaronnies.com\/en\/wp-json\/wp\/v2\/pages\/6432\/revisions\/6775"}],"wp:attachment":[{"href":"https:\/\/lesgrandspresdesbaronnies.com\/en\/wp-json\/wp\/v2\/media?parent=6432"}],"curies":[{"name":"wp","href":"https:\/\/api.w.org\/{rel}","templated":true}]}}