{"id":6424,"date":"2022-07-26T09:57:29","date_gmt":"2022-07-26T09:57:29","guid":{"rendered":"https:\/\/lesgrandspresdesbaronnies.com\/politique-de-confidentialite\/"},"modified":"2026-04-12T09:05:53","modified_gmt":"2026-04-12T09:05:53","slug":"privacy-policy","status":"publish","type":"page","link":"https:\/\/lesgrandspresdesbaronnies.com\/en\/privacy-policy\/","title":{"rendered":"Privacy Policy"},"content":{"rendered":"\n<div class=\"et_pb_section_0 et_pb_section et_section_regular et_block_section et_pb_section_parallax\"><span class=\"et-pb-parallax-wrapper\"><span class=\"et-pb-parallax-background et-pb-parallax-background-module--divi-section-0\" style=\"background-image:url(https:\/\/lesgrandspresdesbaronnies.com\/wp-content\/uploads\/papier.jpg)\"><\/span><\/span><div class=\"et_pb_row_0 et_pb_row et_block_row\"><div class=\"et_pb_column_0 et_pb_column et_pb_column_4_4 et-last-child et_block_column et_pb_css_mix_blend_mode_passthrough\"><div class=\"et_pb_text_0 et_pb_text et_pb_bg_layout_light et_pb_module et_block_module\"><div class=\"et_pb_text_inner\"><h1>Privacy Policy<\/h1>\n<\/div><\/div><div class=\"et_pb_divider_0 et_pb_divider et_pb_space et_pb_divider_position_top et_pb_module\"><div class=\"et_pb_divider_internal\"><\/div><\/div><div class=\"et_pb_text_1 et_pb_text et_pb_bg_layout_light et_pb_module et_block_module\"><div class=\"et_pb_text_inner\"><h1><img \/><\/h1>\n<p><strong><em>Effective date: May 2025<\/em><\/strong><\/p>\n<p>SIRET: 4226260280003527<\/p>\n<p>Les Grands Pr\u00e9s des Baronnies, accessible via the website <a href=\"https:\/\/lesgrandspresdesbaronnies.com\/en\/\">[https:\/\/lesgrandspresdesbaronnies.com](https:\/\/lesgrandspresdesbaronnies.com)<\/a> published by Les Grands Pr\u00e9s des Baronnies and hosted by LWS, allows individuals to stay in holiday homes for short periods.<\/p>\n<p>As part of a reservation on the Les Grands Pr\u00e9s des Baronnies website, the client is required to provide personal data about themselves.<\/p>\n<p>We attach the greatest importance to the confidentiality of your information and personal data. This privacy policy has therefore been established in compliance with applicable laws, regulations, and standards, and explains which personal data is processed by Les Grands Pr\u00e9s des Baronnies, how it is processed, by whom, and for what purposes. This guarantees you peace of mind regarding the use of your data.<\/p>\n<p>This Privacy Policy therefore applies to anyone using the online booking service on the site.<\/p>\n<h4>This document describes<\/h4>\n<ol>\n<li>What information we collect and how we collect it<\/li>\n<li>How your personal data is protected<\/li>\n<li>The legal basis on which the processing of your personal data is based<\/li>\n<li>How to contact us for assistance regarding your personal data<\/li>\n<\/ol>\n<h4>1. What information we collect and how we collect it:<\/h4>\n<p>The personal data collected are as follows:<\/p>\n<p>For clients who made a reservation<\/p>\n<ul>\n<li>First and last name;<\/li>\n<li>Postal address;<\/li>\n<li>Phone number;<\/li>\n<li>Email address;<\/li>\n<li>Bank details if booking is made on https:\/\/lesgrandspresdesbaronnies.com;<\/li>\n<li>IP address;<\/li>\n<li>Technical cookies;<\/li>\n<\/ul>\n<p><strong>How do we collect them?<\/strong><\/p>\n<p>We collect this data from your reservation on the site and\/or during an exchange with Les Grands Pr\u00e9s des Baronnies by phone and\/or email.<\/p>\n<p><strong>Use of statistical tools to improve service quality:<\/strong><\/p>\n<p>Please note that Les Grands Pr\u00e9s des Baronnies also use Amenitiz\u00ae and Google Analytics\u00ae statistical tools. These tools are intended to analyze user traffic and behavior on a page. We use these tools to validate our statistics and improve your user experience.<\/p>\n<h4>2. How your personal data is protected<\/h4>\n<p><strong>Security of your personal data<\/strong><\/p>\n<p>Les Grands Pr\u00e9s des Baronnies provide protection measures consisting of the implementation of an \"https security protocol and SSL certificate\" to protect your data against loss, theft, unauthorized use and access, modification, and destruction.<\/p>\n<p>These measures are regularly updated and tested according to best practices in personal data protection.<\/p>\n<h4>3. The legal basis for processing your personal data<\/h4>\n<p>Your consent constitutes a legal basis for processing your personal data, and Les Grands Pr\u00e9s des Baronnies may process your data for our legitimate purposes as long as it does not infringe on your rights and freedoms in accordance with current regulations (booking records, business relations).<\/p>\n<h4>4. How to contact us for assistance regarding your personal data<\/h4>\n<p>For more information on our Personal Data Protection Policy, you can contact us at <a href=\"mailto:castaignos@aol.com\">castaignos@aol.com<\/a><\/p>\n<\/div><\/div><\/div><\/div><\/div>\n","protected":false},"excerpt":{"rendered":"","protected":false},"author":1,"featured_media":0,"parent":0,"menu_order":0,"comment_status":"closed","ping_status":"closed","template":"","meta":{"inline_featured_image":false,"footnotes":""},"class_list":["post-6424","page","type-page","status-publish","hentry"],"yoast_head":"<!-- This site is optimized with the Yoast SEO plugin v27.5 - https:\/\/yoast.com\/product\/yoast-seo-wordpress\/ -->\n<title>Privacy Policy - Les Grands Pr\u00e9s des Baronnies<\/title>\n<meta name=\"robots\" content=\"index, follow, max-snippet:-1, max-image-preview:large, max-video-preview:-1\" \/>\n<link rel=\"canonical\" href=\"https:\/\/lesgrandspresdesbaronnies.com\/en\/privacy-policy\/\" \/>\n<meta property=\"og:locale\" content=\"en_US\" \/>\n<meta property=\"og:type\" content=\"article\" \/>\n<meta property=\"og:title\" content=\"Privacy Policy - Les Grands Pr\u00e9s des Baronnies\" \/>\n<meta property=\"og:url\" content=\"https:\/\/lesgrandspresdesbaronnies.com\/en\/privacy-policy\/\" \/>\n<meta property=\"og:site_name\" content=\"Les Grands Pr\u00e9s des Baronnies\" \/>\n<meta property=\"article:modified_time\" content=\"2026-04-12T09:05:53+00:00\" \/>\n<meta property=\"og:image\" content=\"https:\/\/lesgrandspresdesbaronnies.com\/wp-content\/uploads\/site-image.jpg\" \/>\n\t<meta property=\"og:image:width\" content=\"1929\" \/>\n\t<meta property=\"og:image:height\" content=\"1286\" \/>\n\t<meta property=\"og:image:type\" content=\"image\/jpeg\" \/>\n<meta name=\"twitter:card\" content=\"summary_large_image\" \/>\n<meta name=\"twitter:label1\" content=\"Est. reading time\" \/>\n\t<meta name=\"twitter:data1\" content=\"3 minutes\" \/>\n<script type=\"application\/ld+json\" class=\"yoast-schema-graph\">{\"@context\":\"https:\\\/\\\/schema.org\",\"@graph\":[{\"@type\":\"WebPage\",\"@id\":\"https:\\\/\\\/lesgrandspresdesbaronnies.com\\\/en\\\/privacy-policy\\\/\",\"url\":\"https:\\\/\\\/lesgrandspresdesbaronnies.com\\\/en\\\/privacy-policy\\\/\",\"name\":\"Privacy Policy - Les Grands Pr\u00e9s des Baronnies\",\"isPartOf\":{\"@id\":\"https:\\\/\\\/lesgrandspresdesbaronnies.com\\\/en\\\/#website\"},\"datePublished\":\"2022-07-26T09:57:29+00:00\",\"dateModified\":\"2026-04-12T09:05:53+00:00\",\"breadcrumb\":{\"@id\":\"https:\\\/\\\/lesgrandspresdesbaronnies.com\\\/en\\\/privacy-policy\\\/#breadcrumb\"},\"inLanguage\":\"en-US\",\"potentialAction\":[{\"@type\":\"ReadAction\",\"target\":[\"https:\\\/\\\/lesgrandspresdesbaronnies.com\\\/en\\\/privacy-policy\\\/\"]}]},{\"@type\":\"BreadcrumbList\",\"@id\":\"https:\\\/\\\/lesgrandspresdesbaronnies.com\\\/en\\\/privacy-policy\\\/#breadcrumb\",\"itemListElement\":[{\"@type\":\"ListItem\",\"position\":1,\"name\":\"Home\",\"item\":\"https:\\\/\\\/lesgrandspresdesbaronnies.com\\\/en\\\/\"},{\"@type\":\"ListItem\",\"position\":2,\"name\":\"Privacy Policy\"}]},{\"@type\":\"WebSite\",\"@id\":\"https:\\\/\\\/lesgrandspresdesbaronnies.com\\\/en\\\/#website\",\"url\":\"https:\\\/\\\/lesgrandspresdesbaronnies.com\\\/en\\\/\",\"name\":\"Les Grands Pr\u00e9s des Baronnies\",\"description\":\"Vacances en Dr\u00f4me Proven\u00e7ale\",\"publisher\":{\"@id\":\"https:\\\/\\\/lesgrandspresdesbaronnies.com\\\/en\\\/#organization\"},\"potentialAction\":[{\"@type\":\"SearchAction\",\"target\":{\"@type\":\"EntryPoint\",\"urlTemplate\":\"https:\\\/\\\/lesgrandspresdesbaronnies.com\\\/en\\\/?s={search_term_string}\"},\"query-input\":{\"@type\":\"PropertyValueSpecification\",\"valueRequired\":true,\"valueName\":\"search_term_string\"}}],\"inLanguage\":\"en-US\"},{\"@type\":\"Organization\",\"@id\":\"https:\\\/\\\/lesgrandspresdesbaronnies.com\\\/en\\\/#organization\",\"name\":\"Les Grands pr\u00e9s des Baronnies\",\"alternateName\":\"Les Grands pr\u00e9s des Baronnies\",\"url\":\"https:\\\/\\\/lesgrandspresdesbaronnies.com\\\/en\\\/\",\"logo\":{\"@type\":\"ImageObject\",\"inLanguage\":\"en-US\",\"@id\":\"https:\\\/\\\/lesgrandspresdesbaronnies.com\\\/en\\\/#\\\/schema\\\/logo\\\/image\\\/\",\"url\":\"https:\\\/\\\/lesgrandspresdesbaronnies.com\\\/wp-content\\\/uploads\\\/les-grands-pres-des-baronnies-2025-logo.svg\",\"contentUrl\":\"https:\\\/\\\/lesgrandspresdesbaronnies.com\\\/wp-content\\\/uploads\\\/les-grands-pres-des-baronnies-2025-logo.svg\",\"width\":\"1024\",\"height\":\"1024\",\"caption\":\"Les Grands pr\u00e9s des Baronnies\"},\"image\":{\"@id\":\"https:\\\/\\\/lesgrandspresdesbaronnies.com\\\/en\\\/#\\\/schema\\\/logo\\\/image\\\/\"}}]}<\/script>\n<!-- \/ Yoast SEO plugin. -->","yoast_head_json":{"title":"Privacy Policy - Les Grands Pr\u00e9s des Baronnies","robots":{"index":"index","follow":"follow","max-snippet":"max-snippet:-1","max-image-preview":"max-image-preview:large","max-video-preview":"max-video-preview:-1"},"canonical":"https:\/\/lesgrandspresdesbaronnies.com\/en\/privacy-policy\/","og_locale":"en_US","og_type":"article","og_title":"Privacy Policy - Les Grands Pr\u00e9s des Baronnies","og_url":"https:\/\/lesgrandspresdesbaronnies.com\/en\/privacy-policy\/","og_site_name":"Les Grands Pr\u00e9s des Baronnies","article_modified_time":"2026-04-12T09:05:53+00:00","og_image":[{"width":1929,"height":1286,"url":"https:\/\/lesgrandspresdesbaronnies.com\/wp-content\/uploads\/site-image.jpg","type":"image\/jpeg"}],"twitter_card":"summary_large_image","twitter_misc":{"Est. reading time":"3 minutes"},"schema":{"@context":"https:\/\/schema.org","@graph":[{"@type":"WebPage","@id":"https:\/\/lesgrandspresdesbaronnies.com\/en\/privacy-policy\/","url":"https:\/\/lesgrandspresdesbaronnies.com\/en\/privacy-policy\/","name":"Privacy Policy - Les Grands Pr\u00e9s des Baronnies","isPartOf":{"@id":"https:\/\/lesgrandspresdesbaronnies.com\/en\/#website"},"datePublished":"2022-07-26T09:57:29+00:00","dateModified":"2026-04-12T09:05:53+00:00","breadcrumb":{"@id":"https:\/\/lesgrandspresdesbaronnies.com\/en\/privacy-policy\/#breadcrumb"},"inLanguage":"en-US","potentialAction":[{"@type":"ReadAction","target":["https:\/\/lesgrandspresdesbaronnies.com\/en\/privacy-policy\/"]}]},{"@type":"BreadcrumbList","@id":"https:\/\/lesgrandspresdesbaronnies.com\/en\/privacy-policy\/#breadcrumb","itemListElement":[{"@type":"ListItem","position":1,"name":"Home","item":"https:\/\/lesgrandspresdesbaronnies.com\/en\/"},{"@type":"ListItem","position":2,"name":"Privacy Policy"}]},{"@type":"WebSite","@id":"https:\/\/lesgrandspresdesbaronnies.com\/en\/#website","url":"https:\/\/lesgrandspresdesbaronnies.com\/en\/","name":"Les Grands Pr\u00e9s des Baronnies","description":"Vacances en Dr\u00f4me Proven\u00e7ale","publisher":{"@id":"https:\/\/lesgrandspresdesbaronnies.com\/en\/#organization"},"potentialAction":[{"@type":"SearchAction","target":{"@type":"EntryPoint","urlTemplate":"https:\/\/lesgrandspresdesbaronnies.com\/en\/?s={search_term_string}"},"query-input":{"@type":"PropertyValueSpecification","valueRequired":true,"valueName":"search_term_string"}}],"inLanguage":"en-US"},{"@type":"Organization","@id":"https:\/\/lesgrandspresdesbaronnies.com\/en\/#organization","name":"Les Grands pr\u00e9s des Baronnies","alternateName":"Les Grands pr\u00e9s des Baronnies","url":"https:\/\/lesgrandspresdesbaronnies.com\/en\/","logo":{"@type":"ImageObject","inLanguage":"en-US","@id":"https:\/\/lesgrandspresdesbaronnies.com\/en\/#\/schema\/logo\/image\/","url":"https:\/\/lesgrandspresdesbaronnies.com\/wp-content\/uploads\/les-grands-pres-des-baronnies-2025-logo.svg","contentUrl":"https:\/\/lesgrandspresdesbaronnies.com\/wp-content\/uploads\/les-grands-pres-des-baronnies-2025-logo.svg","width":"1024","height":"1024","caption":"Les Grands pr\u00e9s des Baronnies"},"image":{"@id":"https:\/\/lesgrandspresdesbaronnies.com\/en\/#\/schema\/logo\/image\/"}}]}},"_links":{"self":[{"href":"https:\/\/lesgrandspresdesbaronnies.com\/en\/wp-json\/wp\/v2\/pages\/6424","targetHints":{"allow":["GET"]}}],"collection":[{"href":"https:\/\/lesgrandspresdesbaronnies.com\/en\/wp-json\/wp\/v2\/pages"}],"about":[{"href":"https:\/\/lesgrandspresdesbaronnies.com\/en\/wp-json\/wp\/v2\/types\/page"}],"author":[{"embeddable":true,"href":"https:\/\/lesgrandspresdesbaronnies.com\/en\/wp-json\/wp\/v2\/users\/1"}],"replies":[{"embeddable":true,"href":"https:\/\/lesgrandspresdesbaronnies.com\/en\/wp-json\/wp\/v2\/comments?post=6424"}],"version-history":[{"count":5,"href":"https:\/\/lesgrandspresdesbaronnies.com\/en\/wp-json\/wp\/v2\/pages\/6424\/revisions"}],"predecessor-version":[{"id":6755,"href":"https:\/\/lesgrandspresdesbaronnies.com\/en\/wp-json\/wp\/v2\/pages\/6424\/revisions\/6755"}],"wp:attachment":[{"href":"https:\/\/lesgrandspresdesbaronnies.com\/en\/wp-json\/wp\/v2\/media?parent=6424"}],"curies":[{"name":"wp","href":"https:\/\/api.w.org\/{rel}","templated":true}]}}