{"id":6408,"date":"2025-05-09T10:50:22","date_gmt":"2025-05-09T10:50:22","guid":{"rendered":"https:\/\/lesgrandspresdesbaronnies.com\/nos-conditions-generales-de-vente\/"},"modified":"2026-04-12T09:06:15","modified_gmt":"2026-04-12T09:06:15","slug":"terms-and-conditions","status":"publish","type":"page","link":"https:\/\/lesgrandspresdesbaronnies.com\/en\/terms-and-conditions\/","title":{"rendered":"Terms and Conditions"},"content":{"rendered":"\n<div class=\"et_pb_section_0 et_pb_section et_section_regular et_block_section et_pb_section_parallax\"><span class=\"et-pb-parallax-wrapper\"><span class=\"et-pb-parallax-background et-pb-parallax-background-module--divi-section-0\" style=\"background-image:url(https:\/\/lesgrandspresdesbaronnies.com\/wp-content\/uploads\/papier.jpg)\"><\/span><\/span><div class=\"et_pb_row_0 et_pb_row et_block_row\"><div class=\"et_pb_column_0 et_pb_column et_pb_column_4_4 et-last-child et_block_column et_pb_css_mix_blend_mode_passthrough\"><div class=\"et_pb_text_0 et_pb_text et_pb_bg_layout_light et_pb_module et_block_module\"><div class=\"et_pb_text_inner\"><h1>Terms and Conditions<\/h1>\n<\/div><\/div><div class=\"et_pb_divider_0 et_pb_divider et_pb_space et_pb_divider_position_top et_pb_module\"><div class=\"et_pb_divider_internal\"><\/div><\/div><div class=\"et_pb_text_1 et_pb_text et_pb_bg_layout_light et_pb_module et_block_module\"><div class=\"et_pb_text_inner\"><h3>Rentals open all year round.<\/h3>\n<p><strong>Article - 1<\/strong>: These terms apply exclusively to rentals located at Grands Pr\u00e9s des Baronnies, in the hamlet Les Sias, 29 rue de l'abb\u00e9, 26170 La Roche-sur-le-Buis, at 489 Chemin de la Muse, 84110 Sablet, and at 207 Rue du G\u00e9n\u00e9ral de Gaulle, 84110 Sablet.<\/p>\n<p><strong>Article - 2<\/strong>: Duration of stay: The tenant signing this contract for a fixed period cannot under any circumstances claim any right to remain on the premises at the end of the stay.<\/p>\n<p><strong>Article - 3<\/strong>: If the stay is shortened, the rental price remains due to the owner. In this case, no refund will be made.<\/p>\n<p><strong>Article - 4<\/strong>: Inventory and cleanliness:<br \/>Upon arrival, the state of cleanliness must be checked by both parties. End-of-stay cleaning is optional (see extras). If the option is not paid, the tenant is required to leave the property impeccable, as found upon arrival.<\/p>\n<p><strong>Article - 5<\/strong>: Use of the premises: The tenant is required to:<br \/>1. Occupy the premises only as a residence, excluding any business, profession, or industry, the tenant acknowledging that this rental is granted solely as a temporary and leisure residence, a major condition without which this rental would not have been granted.<br \/>2. Do nothing that, by their actions or the actions of their family or guests, may disturb the neighbors.<br \/>3. Under no circumstances store furniture, except for linens and small items.<br \/>4. Make no modifications or changes to the arrangement of furniture and premises.<br \/>5. Introduce no pets into the rented holiday home without prior authorization from the owner.<br \/>6. Allow any urgent maintenance work to be carried out during the rental period if it cannot be postponed.<br \/>7. Maintain the rented premises and leave them in a clean condition at the end of the stay.<br \/>8. Immediately inform the owner or their representative of any damage or incidents occurring on the premises, even if no apparent damage results.<br \/>9. Be responsible for any damage or loss caused by themselves or by persons accompanying them during the rental.<\/p>\n<p><strong>Article - 6<\/strong>: Capacity: This contract is established for a maximum number of persons. If the number of tenants exceeds the accommodation capacity, the owner may refuse additional persons. Any modification or termination of the contract will be considered initiated by the client.<\/p>\n<p><strong>Article - 7<\/strong>: Electric vehicles: The tenant is not allowed to plug their vehicle into an electrical outlet inside the holiday home under penalty of immediate exclusion from the property. Charging stations are located 7 km from the accommodation, in Buis-les-Baronnies (opposite the Carrefour Contact store and at the parking area near the Post Office).<\/p>\n<p><strong>Article - 8<\/strong>: Insurance: The tenant is responsible for all damages caused by their actions. They must be insured under a vacation-type insurance policy for these various risks.<\/p>\n<\/div><\/div><\/div><\/div><\/div>\n","protected":false},"excerpt":{"rendered":"","protected":false},"author":1,"featured_media":0,"parent":0,"menu_order":0,"comment_status":"closed","ping_status":"closed","template":"","meta":{"inline_featured_image":false,"footnotes":""},"class_list":["post-6408","page","type-page","status-publish","hentry"],"yoast_head":"<!-- This site is optimized with the Yoast SEO plugin v27.5 - https:\/\/yoast.com\/product\/yoast-seo-wordpress\/ -->\n<title>Terms and Conditions - Les Grands Pr\u00e9s des Baronnies<\/title>\n<meta name=\"robots\" content=\"index, follow, max-snippet:-1, max-image-preview:large, max-video-preview:-1\" \/>\n<link rel=\"canonical\" href=\"https:\/\/lesgrandspresdesbaronnies.com\/en\/terms-and-conditions\/\" \/>\n<meta property=\"og:locale\" content=\"en_US\" \/>\n<meta property=\"og:type\" content=\"article\" \/>\n<meta property=\"og:title\" content=\"Terms and Conditions - Les Grands Pr\u00e9s des Baronnies\" \/>\n<meta property=\"og:url\" content=\"https:\/\/lesgrandspresdesbaronnies.com\/en\/terms-and-conditions\/\" \/>\n<meta property=\"og:site_name\" content=\"Les Grands Pr\u00e9s des Baronnies\" \/>\n<meta property=\"article:modified_time\" content=\"2026-04-12T09:06:15+00:00\" \/>\n<meta property=\"og:image\" content=\"https:\/\/lesgrandspresdesbaronnies.com\/wp-content\/uploads\/site-image.jpg\" \/>\n\t<meta property=\"og:image:width\" content=\"1929\" \/>\n\t<meta property=\"og:image:height\" content=\"1286\" \/>\n\t<meta property=\"og:image:type\" content=\"image\/jpeg\" \/>\n<meta name=\"twitter:card\" content=\"summary_large_image\" \/>\n<meta name=\"twitter:label1\" content=\"Est. reading time\" \/>\n\t<meta name=\"twitter:data1\" content=\"3 minutes\" \/>\n<script type=\"application\/ld+json\" class=\"yoast-schema-graph\">{\"@context\":\"https:\\\/\\\/schema.org\",\"@graph\":[{\"@type\":\"WebPage\",\"@id\":\"https:\\\/\\\/lesgrandspresdesbaronnies.com\\\/en\\\/terms-and-conditions\\\/\",\"url\":\"https:\\\/\\\/lesgrandspresdesbaronnies.com\\\/en\\\/terms-and-conditions\\\/\",\"name\":\"Terms and Conditions - Les Grands Pr\u00e9s des Baronnies\",\"isPartOf\":{\"@id\":\"https:\\\/\\\/lesgrandspresdesbaronnies.com\\\/en\\\/#website\"},\"datePublished\":\"2025-05-09T10:50:22+00:00\",\"dateModified\":\"2026-04-12T09:06:15+00:00\",\"breadcrumb\":{\"@id\":\"https:\\\/\\\/lesgrandspresdesbaronnies.com\\\/en\\\/terms-and-conditions\\\/#breadcrumb\"},\"inLanguage\":\"en-US\",\"potentialAction\":[{\"@type\":\"ReadAction\",\"target\":[\"https:\\\/\\\/lesgrandspresdesbaronnies.com\\\/en\\\/terms-and-conditions\\\/\"]}]},{\"@type\":\"BreadcrumbList\",\"@id\":\"https:\\\/\\\/lesgrandspresdesbaronnies.com\\\/en\\\/terms-and-conditions\\\/#breadcrumb\",\"itemListElement\":[{\"@type\":\"ListItem\",\"position\":1,\"name\":\"Home\",\"item\":\"https:\\\/\\\/lesgrandspresdesbaronnies.com\\\/en\\\/\"},{\"@type\":\"ListItem\",\"position\":2,\"name\":\"Terms and Conditions\"}]},{\"@type\":\"WebSite\",\"@id\":\"https:\\\/\\\/lesgrandspresdesbaronnies.com\\\/en\\\/#website\",\"url\":\"https:\\\/\\\/lesgrandspresdesbaronnies.com\\\/en\\\/\",\"name\":\"Les Grands Pr\u00e9s des Baronnies\",\"description\":\"Vacances en Dr\u00f4me Proven\u00e7ale\",\"publisher\":{\"@id\":\"https:\\\/\\\/lesgrandspresdesbaronnies.com\\\/en\\\/#organization\"},\"potentialAction\":[{\"@type\":\"SearchAction\",\"target\":{\"@type\":\"EntryPoint\",\"urlTemplate\":\"https:\\\/\\\/lesgrandspresdesbaronnies.com\\\/en\\\/?s={search_term_string}\"},\"query-input\":{\"@type\":\"PropertyValueSpecification\",\"valueRequired\":true,\"valueName\":\"search_term_string\"}}],\"inLanguage\":\"en-US\"},{\"@type\":\"Organization\",\"@id\":\"https:\\\/\\\/lesgrandspresdesbaronnies.com\\\/en\\\/#organization\",\"name\":\"Les Grands pr\u00e9s des Baronnies\",\"alternateName\":\"Les Grands pr\u00e9s des Baronnies\",\"url\":\"https:\\\/\\\/lesgrandspresdesbaronnies.com\\\/en\\\/\",\"logo\":{\"@type\":\"ImageObject\",\"inLanguage\":\"en-US\",\"@id\":\"https:\\\/\\\/lesgrandspresdesbaronnies.com\\\/en\\\/#\\\/schema\\\/logo\\\/image\\\/\",\"url\":\"https:\\\/\\\/lesgrandspresdesbaronnies.com\\\/wp-content\\\/uploads\\\/les-grands-pres-des-baronnies-2025-logo.svg\",\"contentUrl\":\"https:\\\/\\\/lesgrandspresdesbaronnies.com\\\/wp-content\\\/uploads\\\/les-grands-pres-des-baronnies-2025-logo.svg\",\"width\":\"1024\",\"height\":\"1024\",\"caption\":\"Les Grands pr\u00e9s des Baronnies\"},\"image\":{\"@id\":\"https:\\\/\\\/lesgrandspresdesbaronnies.com\\\/en\\\/#\\\/schema\\\/logo\\\/image\\\/\"}}]}<\/script>\n<!-- \/ Yoast SEO plugin. -->","yoast_head_json":{"title":"Terms and Conditions - Les Grands Pr\u00e9s des Baronnies","robots":{"index":"index","follow":"follow","max-snippet":"max-snippet:-1","max-image-preview":"max-image-preview:large","max-video-preview":"max-video-preview:-1"},"canonical":"https:\/\/lesgrandspresdesbaronnies.com\/en\/terms-and-conditions\/","og_locale":"en_US","og_type":"article","og_title":"Terms and Conditions - Les Grands Pr\u00e9s des Baronnies","og_url":"https:\/\/lesgrandspresdesbaronnies.com\/en\/terms-and-conditions\/","og_site_name":"Les Grands Pr\u00e9s des Baronnies","article_modified_time":"2026-04-12T09:06:15+00:00","og_image":[{"width":1929,"height":1286,"url":"https:\/\/lesgrandspresdesbaronnies.com\/wp-content\/uploads\/site-image.jpg","type":"image\/jpeg"}],"twitter_card":"summary_large_image","twitter_misc":{"Est. reading time":"3 minutes"},"schema":{"@context":"https:\/\/schema.org","@graph":[{"@type":"WebPage","@id":"https:\/\/lesgrandspresdesbaronnies.com\/en\/terms-and-conditions\/","url":"https:\/\/lesgrandspresdesbaronnies.com\/en\/terms-and-conditions\/","name":"Terms and Conditions - Les Grands Pr\u00e9s des Baronnies","isPartOf":{"@id":"https:\/\/lesgrandspresdesbaronnies.com\/en\/#website"},"datePublished":"2025-05-09T10:50:22+00:00","dateModified":"2026-04-12T09:06:15+00:00","breadcrumb":{"@id":"https:\/\/lesgrandspresdesbaronnies.com\/en\/terms-and-conditions\/#breadcrumb"},"inLanguage":"en-US","potentialAction":[{"@type":"ReadAction","target":["https:\/\/lesgrandspresdesbaronnies.com\/en\/terms-and-conditions\/"]}]},{"@type":"BreadcrumbList","@id":"https:\/\/lesgrandspresdesbaronnies.com\/en\/terms-and-conditions\/#breadcrumb","itemListElement":[{"@type":"ListItem","position":1,"name":"Home","item":"https:\/\/lesgrandspresdesbaronnies.com\/en\/"},{"@type":"ListItem","position":2,"name":"Terms and Conditions"}]},{"@type":"WebSite","@id":"https:\/\/lesgrandspresdesbaronnies.com\/en\/#website","url":"https:\/\/lesgrandspresdesbaronnies.com\/en\/","name":"Les Grands Pr\u00e9s des Baronnies","description":"Vacances en Dr\u00f4me Proven\u00e7ale","publisher":{"@id":"https:\/\/lesgrandspresdesbaronnies.com\/en\/#organization"},"potentialAction":[{"@type":"SearchAction","target":{"@type":"EntryPoint","urlTemplate":"https:\/\/lesgrandspresdesbaronnies.com\/en\/?s={search_term_string}"},"query-input":{"@type":"PropertyValueSpecification","valueRequired":true,"valueName":"search_term_string"}}],"inLanguage":"en-US"},{"@type":"Organization","@id":"https:\/\/lesgrandspresdesbaronnies.com\/en\/#organization","name":"Les Grands pr\u00e9s des Baronnies","alternateName":"Les Grands pr\u00e9s des Baronnies","url":"https:\/\/lesgrandspresdesbaronnies.com\/en\/","logo":{"@type":"ImageObject","inLanguage":"en-US","@id":"https:\/\/lesgrandspresdesbaronnies.com\/en\/#\/schema\/logo\/image\/","url":"https:\/\/lesgrandspresdesbaronnies.com\/wp-content\/uploads\/les-grands-pres-des-baronnies-2025-logo.svg","contentUrl":"https:\/\/lesgrandspresdesbaronnies.com\/wp-content\/uploads\/les-grands-pres-des-baronnies-2025-logo.svg","width":"1024","height":"1024","caption":"Les Grands pr\u00e9s des Baronnies"},"image":{"@id":"https:\/\/lesgrandspresdesbaronnies.com\/en\/#\/schema\/logo\/image\/"}}]}},"_links":{"self":[{"href":"https:\/\/lesgrandspresdesbaronnies.com\/en\/wp-json\/wp\/v2\/pages\/6408","targetHints":{"allow":["GET"]}}],"collection":[{"href":"https:\/\/lesgrandspresdesbaronnies.com\/en\/wp-json\/wp\/v2\/pages"}],"about":[{"href":"https:\/\/lesgrandspresdesbaronnies.com\/en\/wp-json\/wp\/v2\/types\/page"}],"author":[{"embeddable":true,"href":"https:\/\/lesgrandspresdesbaronnies.com\/en\/wp-json\/wp\/v2\/users\/1"}],"replies":[{"embeddable":true,"href":"https:\/\/lesgrandspresdesbaronnies.com\/en\/wp-json\/wp\/v2\/comments?post=6408"}],"version-history":[{"count":7,"href":"https:\/\/lesgrandspresdesbaronnies.com\/en\/wp-json\/wp\/v2\/pages\/6408\/revisions"}],"predecessor-version":[{"id":6768,"href":"https:\/\/lesgrandspresdesbaronnies.com\/en\/wp-json\/wp\/v2\/pages\/6408\/revisions\/6768"}],"wp:attachment":[{"href":"https:\/\/lesgrandspresdesbaronnies.com\/en\/wp-json\/wp\/v2\/media?parent=6408"}],"curies":[{"name":"wp","href":"https:\/\/api.w.org\/{rel}","templated":true}]}}