{"id":6401,"date":"2025-04-28T16:29:38","date_gmt":"2025-04-28T16:29:38","guid":{"rendered":"https:\/\/lesgrandspresdesbaronnies.com\/nos-actualites-bons-plans\/"},"modified":"2026-04-12T09:06:10","modified_gmt":"2026-04-12T09:06:10","slug":"news","status":"publish","type":"page","link":"https:\/\/lesgrandspresdesbaronnies.com\/en\/news\/","title":{"rendered":"News"},"content":{"rendered":"\n<div class=\"et_pb_section_0 et_pb_section et_pb_fullwidth_section et_section_regular et_block_section\"><section class=\"et_pb_fullwidth_header_0 et_pb_fullwidth_header et_pb_fullscreen et_pb_bg_layout_dark et_pb_text_align_center et_pb_section_parallax et_pb_module et_flex_module\"><span class=\"et-pb-parallax-wrapper\"><span class=\"et-pb-parallax-background et-pb-parallax-background-module--divi-fullwidth-header-0\" style=\"background-image:url(https:\/\/lesgrandspresdesbaronnies.com\/wp-content\/uploads\/header-location-provence-lavande.jpg)\"><\/span><span class=\"et_parallax_gradient\" style=\"background-image:linear-gradient(180deg, rgba(0,0,0,0.76) 0%,rgba(0,0,0,0) 90% 100%)\"><\/span><\/span><div class=\"et_pb_fullwidth_header_container center\"><div class=\"header-content-container center\"><div class=\"header-content et_flex_module\"><div class=\"et_pb_header_content_wrapper\"><h1>Follow all our news &amp; special offers here.<\/h1>\n<\/div><div class=\"et_pb_header_button_wrapper\"><\/div><\/div><\/div><\/div><div class=\"et_pb_fullwidth_header_overlay\"><\/div><div class=\"et_pb_fullwidth_header_scroll\"><\/div><\/section><\/div><div class=\"et_pb_section_1 et_pb_section et_section_regular et_block_section\"><div class=\"et_pb_row_0 et_pb_row et_pb_row_1-4_1-2_1-4 et_block_row et_block_row_1-4_1-2_1-4\"><div class=\"et_pb_column_0 et_pb_column et_pb_column_1_4 et_block_column et_pb_column_empty et_pb_css_mix_blend_mode_passthrough\"><\/div><div class=\"et_pb_column_1 et_pb_column et_pb_column_1_2 et_block_column et_pb_css_mix_blend_mode_passthrough\"><div class=\"et_pb_text_0 et_pb_text et_pb_bg_layout_light et_pb_module et_block_module et_pb_text_align_center\"><div class=\"et_pb_text_inner\"><h2>All the news from Provence<\/h2>\n<p>For hedonists, the curious, adventurers, and epicureans: Provence is to be experienced&#8230;<\/p>\n<p><strong>Discover here all the practical information you need to know to experience Provence during your stay.<\/strong><\/p>\n<p>Imagine yourself, lulled by the song of cicadas, carried away by the intoxicating scent of lavender, the fresh air of the hills, and the golden warmth of the sun. Stroll through the cobbled streets of perched villages like Gordes or Roussillon, enjoy a chilled ros\u00e9 in the shade of a centenary olive tree, or lose yourself in colorful markets, between sun-ripened fruits and artisanal tapenade. Every moment becomes a postcard: a sunset over the Proven\u00e7al Baronnies, a picnic by the Toulourenc, a starred dinner on a terrace in S\u00e9guret. In Provence, memories are born to the rhythm of simple happiness.<\/p>\n<\/div><\/div><\/div><div class=\"et_pb_column_2 et_pb_column et_pb_column_1_4 et-last-child et_block_column et_pb_column_empty et_pb_css_mix_blend_mode_passthrough\"><\/div><\/div><div class=\"et_pb_row_1 et_pb_row et_block_row\"><div class=\"et_pb_column_3 et_pb_column et_pb_column_4_4 et-last-child et_block_column et_pb_css_mix_blend_mode_passthrough\"><div class=\"et_pb_blog_0 et_pb_blog et_pb_bg_layout_light et_pb_posts et_pb_module\"><div class=\"et_pb_ajax_pagination_container\"><div class=\"et_pb_posts et_grid_module\"><article class=\"et_pb_post et_pb_post_id_6556 clearfix et_pb_blog_item_0_0 post-6556 post type-post status-publish format-standard has-post-thumbnail hentry category-news\"><div class=\"et_pb_image_container\"><a href=\"https:\/\/lesgrandspresdesbaronnies.com\/en\/les-baronnies-a-region-full-of-charm\/\" class=\"entry-featured-image-url\"><img  width=\"400\" height=\"284\" alt=\"Les Baronnies, a Region Full of Charm\" class=\" lws-optimize-lazyload\" srcset=\"https:\/\/lesgrandspresdesbaronnies.com\/wp-content\/uploads\/activites.jpg 479w, https:\/\/lesgrandspresdesbaronnies.com\/wp-content\/uploads\/activites-400x284.jpg 480w\" sizes=\"(max-width:479px) 479px, 100vw\" \/ data-src=\"https:\/\/lesgrandspresdesbaronnies.com\/wp-content\/uploads\/activites.jpg\"><span data-icon=\"\ue050\" class=\"et_overlay et_pb_inline_icon\"><\/span><\/a><\/div><h2 class=\"entry-title\"><a href=\"https:\/\/lesgrandspresdesbaronnies.com\/en\/les-baronnies-a-region-full-of-charm\/\">Les Baronnies, a Region Full of Charm<\/a><\/h2><p class=\"post-meta\"><span class=\"published\">Jun 5, 2025<\/span> | <span class=\"entry-categories\"><a href=\"https:\/\/lesgrandspresdesbaronnies.com\/en\/category\/news\/\" rel=\"tag\">News<\/a><\/span><\/p><div class=\"post-content\"><div class=\"post-content-inner\"><p>Nestled between the Dr\u00f4me Proven\u00e7ale and the Alpine foothills, the Baronnies region is a natural and authentic gem. It is a land of rolling hills, limestone cliffs, lavender fields, olive groves, and sun-drenched perched villages. Its beauty lies in the harmony&#8230;<\/p>\n<\/div><\/div><\/article><article class=\"et_pb_post et_pb_post_id_6552 clearfix et_pb_blog_item_0_1 post-6552 post type-post status-publish format-standard has-post-thumbnail hentry category-news\"><div class=\"et_pb_image_container\"><a href=\"https:\/\/lesgrandspresdesbaronnies.com\/en\/top-3-trail-running-routes-in-the-baronnies-provencales-near-our-holiday-homes\/\" class=\"entry-featured-image-url\"><img  width=\"400\" height=\"284\" alt=\"Top 3 trail running routes in the Baronnies Proven\u00e7ales near our holiday homes.\" class=\" lws-optimize-lazyload\" srcset=\"https:\/\/lesgrandspresdesbaronnies.com\/wp-content\/uploads\/trail-baronnies-1.jpg 479w, https:\/\/lesgrandspresdesbaronnies.com\/wp-content\/uploads\/trail-baronnies-1-400x284.jpg 480w\" sizes=\"(max-width:479px) 479px, 100vw\" \/ data-src=\"https:\/\/lesgrandspresdesbaronnies.com\/wp-content\/uploads\/trail-baronnies-1.jpg\"><span data-icon=\"\ue050\" class=\"et_overlay et_pb_inline_icon\"><\/span><\/a><\/div><h2 class=\"entry-title\"><a href=\"https:\/\/lesgrandspresdesbaronnies.com\/en\/top-3-trail-running-routes-in-the-baronnies-provencales-near-our-holiday-homes\/\">Top 3 trail running routes in the Baronnies Proven\u00e7ales near our holiday homes.<\/a><\/h2><p class=\"post-meta\"><span class=\"published\">May 6, 2025<\/span> | <span class=\"entry-categories\"><a href=\"https:\/\/lesgrandspresdesbaronnies.com\/en\/category\/news\/\" rel=\"tag\">News<\/a><\/span><\/p><div class=\"post-content\"><div class=\"post-content-inner\"><p>At Les Grands Pr\u00e9s des Baronnies, we have selected the best trail running routes in the Baronnies Proven\u00e7ales for you, perfect for exploring the wild beauty of this area between the Dr\u00f4me and Hautes-Alpes: 1- Trail of Montagne de Banne (Buis-les-Baronnies) This 18 km&#8230;<\/p>\n<\/div><\/div><\/article><article class=\"et_pb_post et_pb_post_id_6548 clearfix et_pb_blog_item_0_2 post-6548 post type-post status-publish format-standard has-post-thumbnail hentry category-news\"><div class=\"et_pb_image_container\"><a href=\"https:\/\/lesgrandspresdesbaronnies.com\/en\/the-linden-flower-the-richness-of-the-baronnies\/\" class=\"entry-featured-image-url\"><img  width=\"400\" height=\"284\" alt=\"The Linden Flower, the Richness of the Baronnies\" class=\" lws-optimize-lazyload\" srcset=\"https:\/\/lesgrandspresdesbaronnies.com\/wp-content\/uploads\/tilleul-baronnies.jpg 479w, https:\/\/lesgrandspresdesbaronnies.com\/wp-content\/uploads\/tilleul-baronnies-400x284.jpg 480w\" sizes=\"(max-width:479px) 479px, 100vw\" \/ data-src=\"https:\/\/lesgrandspresdesbaronnies.com\/wp-content\/uploads\/tilleul-baronnies.jpg\"><span data-icon=\"\ue050\" class=\"et_overlay et_pb_inline_icon\"><\/span><\/a><\/div><h2 class=\"entry-title\"><a href=\"https:\/\/lesgrandspresdesbaronnies.com\/en\/the-linden-flower-the-richness-of-the-baronnies\/\">The Linden Flower, the Richness of the Baronnies<\/a><\/h2><p class=\"post-meta\"><span class=\"published\">May 6, 2025<\/span> | <span class=\"entry-categories\"><a href=\"https:\/\/lesgrandspresdesbaronnies.com\/en\/category\/news\/\" rel=\"tag\">News<\/a><\/span><\/p><div class=\"post-content\"><div class=\"post-content-inner\"><p>Chaque summer, the sunny hills of the Proven\u00e7al Baronnies are filled with the sweet fragrance of linden in bloom. This region, between the Dr\u00f4me and Hautes-Alpes, is the birthplace of the Carpentras linden, renowned for its exceptional quality. Here, linden harvesting&#8230;<\/p>\n<\/div><\/div><\/article><\/div><div class=\"pagination clearfix\">\n\t<div class=\"alignleft\"><\/div>\n\t<div class=\"alignright\"><\/div>\n<\/div><\/div><\/div><\/div><\/div><\/div>\n","protected":false},"excerpt":{"rendered":"","protected":false},"author":1,"featured_media":0,"parent":0,"menu_order":0,"comment_status":"closed","ping_status":"closed","template":"","meta":{"inline_featured_image":false,"footnotes":""},"class_list":["post-6401","page","type-page","status-publish","hentry"],"yoast_head":"<!-- This site is optimized with the Yoast SEO plugin v27.5 - https:\/\/yoast.com\/product\/yoast-seo-wordpress\/ -->\n<title>Provence: all the news to experience Provence during your vacation<\/title>\n<meta name=\"description\" content=\"Provence: all the practical information to experience Provence during your stay in our holiday homes in Dr\u00f4me and Vaucluse\" \/>\n<meta name=\"robots\" content=\"index, follow, max-snippet:-1, max-image-preview:large, max-video-preview:-1\" \/>\n<link rel=\"canonical\" href=\"https:\/\/lesgrandspresdesbaronnies.com\/en\/news\/\" \/>\n<meta property=\"og:locale\" content=\"en_US\" \/>\n<meta property=\"og:type\" content=\"article\" \/>\n<meta property=\"og:title\" content=\"Provence: all the news to experience Provence during your vacation\" \/>\n<meta property=\"og:description\" content=\"Provence: all the practical information to experience Provence during your stay in our holiday homes in Dr\u00f4me and Vaucluse\" \/>\n<meta property=\"og:url\" content=\"https:\/\/lesgrandspresdesbaronnies.com\/en\/news\/\" \/>\n<meta property=\"og:site_name\" content=\"Les Grands Pr\u00e9s des Baronnies\" \/>\n<meta property=\"article:modified_time\" content=\"2026-04-12T09:06:10+00:00\" \/>\n<meta property=\"og:image\" content=\"https:\/\/lesgrandspresdesbaronnies.com\/wp-content\/uploads\/site-image.jpg\" \/>\n\t<meta property=\"og:image:width\" content=\"1929\" \/>\n\t<meta property=\"og:image:height\" content=\"1286\" \/>\n\t<meta property=\"og:image:type\" content=\"image\/jpeg\" \/>\n<meta name=\"twitter:card\" content=\"summary_large_image\" \/>\n<meta name=\"twitter:label1\" content=\"Est. reading time\" \/>\n\t<meta name=\"twitter:data1\" content=\"1 minute\" \/>\n<script type=\"application\/ld+json\" class=\"yoast-schema-graph\">{\"@context\":\"https:\\\/\\\/schema.org\",\"@graph\":[{\"@type\":\"WebPage\",\"@id\":\"https:\\\/\\\/lesgrandspresdesbaronnies.com\\\/en\\\/news\\\/\",\"url\":\"https:\\\/\\\/lesgrandspresdesbaronnies.com\\\/en\\\/news\\\/\",\"name\":\"Provence: all the news to experience Provence during your vacation\",\"isPartOf\":{\"@id\":\"https:\\\/\\\/lesgrandspresdesbaronnies.com\\\/en\\\/#website\"},\"datePublished\":\"2025-04-28T16:29:38+00:00\",\"dateModified\":\"2026-04-12T09:06:10+00:00\",\"description\":\"Provence: all the practical information to experience Provence during your stay in our holiday homes in Dr\u00f4me and Vaucluse\",\"breadcrumb\":{\"@id\":\"https:\\\/\\\/lesgrandspresdesbaronnies.com\\\/en\\\/news\\\/#breadcrumb\"},\"inLanguage\":\"en-US\",\"potentialAction\":[{\"@type\":\"ReadAction\",\"target\":[\"https:\\\/\\\/lesgrandspresdesbaronnies.com\\\/en\\\/news\\\/\"]}]},{\"@type\":\"BreadcrumbList\",\"@id\":\"https:\\\/\\\/lesgrandspresdesbaronnies.com\\\/en\\\/news\\\/#breadcrumb\",\"itemListElement\":[{\"@type\":\"ListItem\",\"position\":1,\"name\":\"Home\",\"item\":\"https:\\\/\\\/lesgrandspresdesbaronnies.com\\\/en\\\/\"},{\"@type\":\"ListItem\",\"position\":2,\"name\":\"News\"}]},{\"@type\":\"WebSite\",\"@id\":\"https:\\\/\\\/lesgrandspresdesbaronnies.com\\\/en\\\/#website\",\"url\":\"https:\\\/\\\/lesgrandspresdesbaronnies.com\\\/en\\\/\",\"name\":\"Les Grands Pr\u00e9s des Baronnies\",\"description\":\"Vacances en Dr\u00f4me Proven\u00e7ale\",\"publisher\":{\"@id\":\"https:\\\/\\\/lesgrandspresdesbaronnies.com\\\/en\\\/#organization\"},\"potentialAction\":[{\"@type\":\"SearchAction\",\"target\":{\"@type\":\"EntryPoint\",\"urlTemplate\":\"https:\\\/\\\/lesgrandspresdesbaronnies.com\\\/en\\\/?s={search_term_string}\"},\"query-input\":{\"@type\":\"PropertyValueSpecification\",\"valueRequired\":true,\"valueName\":\"search_term_string\"}}],\"inLanguage\":\"en-US\"},{\"@type\":\"Organization\",\"@id\":\"https:\\\/\\\/lesgrandspresdesbaronnies.com\\\/en\\\/#organization\",\"name\":\"Les Grands pr\u00e9s des Baronnies\",\"alternateName\":\"Les Grands pr\u00e9s des Baronnies\",\"url\":\"https:\\\/\\\/lesgrandspresdesbaronnies.com\\\/en\\\/\",\"logo\":{\"@type\":\"ImageObject\",\"inLanguage\":\"en-US\",\"@id\":\"https:\\\/\\\/lesgrandspresdesbaronnies.com\\\/en\\\/#\\\/schema\\\/logo\\\/image\\\/\",\"url\":\"https:\\\/\\\/lesgrandspresdesbaronnies.com\\\/wp-content\\\/uploads\\\/les-grands-pres-des-baronnies-2025-logo.svg\",\"contentUrl\":\"https:\\\/\\\/lesgrandspresdesbaronnies.com\\\/wp-content\\\/uploads\\\/les-grands-pres-des-baronnies-2025-logo.svg\",\"width\":\"1024\",\"height\":\"1024\",\"caption\":\"Les Grands pr\u00e9s des Baronnies\"},\"image\":{\"@id\":\"https:\\\/\\\/lesgrandspresdesbaronnies.com\\\/en\\\/#\\\/schema\\\/logo\\\/image\\\/\"}}]}<\/script>\n<!-- \/ Yoast SEO plugin. -->","yoast_head_json":{"title":"Provence: all the news to experience Provence during your vacation","description":"Provence: all the practical information to experience Provence during your stay in our holiday homes in Dr\u00f4me and Vaucluse","robots":{"index":"index","follow":"follow","max-snippet":"max-snippet:-1","max-image-preview":"max-image-preview:large","max-video-preview":"max-video-preview:-1"},"canonical":"https:\/\/lesgrandspresdesbaronnies.com\/en\/news\/","og_locale":"en_US","og_type":"article","og_title":"Provence: all the news to experience Provence during your vacation","og_description":"Provence: all the practical information to experience Provence during your stay in our holiday homes in Dr\u00f4me and Vaucluse","og_url":"https:\/\/lesgrandspresdesbaronnies.com\/en\/news\/","og_site_name":"Les Grands Pr\u00e9s des Baronnies","article_modified_time":"2026-04-12T09:06:10+00:00","og_image":[{"width":1929,"height":1286,"url":"https:\/\/lesgrandspresdesbaronnies.com\/wp-content\/uploads\/site-image.jpg","type":"image\/jpeg"}],"twitter_card":"summary_large_image","twitter_misc":{"Est. reading time":"1 minute"},"schema":{"@context":"https:\/\/schema.org","@graph":[{"@type":"WebPage","@id":"https:\/\/lesgrandspresdesbaronnies.com\/en\/news\/","url":"https:\/\/lesgrandspresdesbaronnies.com\/en\/news\/","name":"Provence: all the news to experience Provence during your vacation","isPartOf":{"@id":"https:\/\/lesgrandspresdesbaronnies.com\/en\/#website"},"datePublished":"2025-04-28T16:29:38+00:00","dateModified":"2026-04-12T09:06:10+00:00","description":"Provence: all the practical information to experience Provence during your stay in our holiday homes in Dr\u00f4me and Vaucluse","breadcrumb":{"@id":"https:\/\/lesgrandspresdesbaronnies.com\/en\/news\/#breadcrumb"},"inLanguage":"en-US","potentialAction":[{"@type":"ReadAction","target":["https:\/\/lesgrandspresdesbaronnies.com\/en\/news\/"]}]},{"@type":"BreadcrumbList","@id":"https:\/\/lesgrandspresdesbaronnies.com\/en\/news\/#breadcrumb","itemListElement":[{"@type":"ListItem","position":1,"name":"Home","item":"https:\/\/lesgrandspresdesbaronnies.com\/en\/"},{"@type":"ListItem","position":2,"name":"News"}]},{"@type":"WebSite","@id":"https:\/\/lesgrandspresdesbaronnies.com\/en\/#website","url":"https:\/\/lesgrandspresdesbaronnies.com\/en\/","name":"Les Grands Pr\u00e9s des Baronnies","description":"Vacances en Dr\u00f4me Proven\u00e7ale","publisher":{"@id":"https:\/\/lesgrandspresdesbaronnies.com\/en\/#organization"},"potentialAction":[{"@type":"SearchAction","target":{"@type":"EntryPoint","urlTemplate":"https:\/\/lesgrandspresdesbaronnies.com\/en\/?s={search_term_string}"},"query-input":{"@type":"PropertyValueSpecification","valueRequired":true,"valueName":"search_term_string"}}],"inLanguage":"en-US"},{"@type":"Organization","@id":"https:\/\/lesgrandspresdesbaronnies.com\/en\/#organization","name":"Les Grands pr\u00e9s des Baronnies","alternateName":"Les Grands pr\u00e9s des Baronnies","url":"https:\/\/lesgrandspresdesbaronnies.com\/en\/","logo":{"@type":"ImageObject","inLanguage":"en-US","@id":"https:\/\/lesgrandspresdesbaronnies.com\/en\/#\/schema\/logo\/image\/","url":"https:\/\/lesgrandspresdesbaronnies.com\/wp-content\/uploads\/les-grands-pres-des-baronnies-2025-logo.svg","contentUrl":"https:\/\/lesgrandspresdesbaronnies.com\/wp-content\/uploads\/les-grands-pres-des-baronnies-2025-logo.svg","width":"1024","height":"1024","caption":"Les Grands pr\u00e9s des Baronnies"},"image":{"@id":"https:\/\/lesgrandspresdesbaronnies.com\/en\/#\/schema\/logo\/image\/"}}]}},"_links":{"self":[{"href":"https:\/\/lesgrandspresdesbaronnies.com\/en\/wp-json\/wp\/v2\/pages\/6401","targetHints":{"allow":["GET"]}}],"collection":[{"href":"https:\/\/lesgrandspresdesbaronnies.com\/en\/wp-json\/wp\/v2\/pages"}],"about":[{"href":"https:\/\/lesgrandspresdesbaronnies.com\/en\/wp-json\/wp\/v2\/types\/page"}],"author":[{"embeddable":true,"href":"https:\/\/lesgrandspresdesbaronnies.com\/en\/wp-json\/wp\/v2\/users\/1"}],"replies":[{"embeddable":true,"href":"https:\/\/lesgrandspresdesbaronnies.com\/en\/wp-json\/wp\/v2\/comments?post=6401"}],"version-history":[{"count":6,"href":"https:\/\/lesgrandspresdesbaronnies.com\/en\/wp-json\/wp\/v2\/pages\/6401\/revisions"}],"predecessor-version":[{"id":6764,"href":"https:\/\/lesgrandspresdesbaronnies.com\/en\/wp-json\/wp\/v2\/pages\/6401\/revisions\/6764"}],"wp:attachment":[{"href":"https:\/\/lesgrandspresdesbaronnies.com\/en\/wp-json\/wp\/v2\/media?parent=6401"}],"curies":[{"name":"wp","href":"https:\/\/api.w.org\/{rel}","templated":true}]}}